{"id":2022,"date":"2025-05-01T15:09:26","date_gmt":"2025-05-01T15:09:26","guid":{"rendered":"https:\/\/ponton-law.com\/?page_id=2022"},"modified":"2025-05-01T15:18:36","modified_gmt":"2025-05-01T15:18:36","slug":"privacy-policy-of-ponton-fernandez","status":"publish","type":"page","link":"https:\/\/ponton-law.com\/en\/privacy-policy-of-ponton-fernandez\/","title":{"rendered":"Privacy Policy of PONT\u00d3N &amp; FERN\u00c1NDEZ"},"content":{"rendered":"\t\t<div data-elementor-type=\"wp-page\" data-elementor-id=\"2022\" class=\"elementor elementor-2022\">\n\t\t\t\t\t\t\t\t\t<section class=\"elementor-section elementor-top-section elementor-element elementor-element-6fb72934 elementor-section-boxed elementor-section-height-default elementor-section-height-default\" data-id=\"6fb72934\" data-element_type=\"section\">\n\t\t\t\t\t\t<div class=\"elementor-container elementor-column-gap-default\">\n\t\t\t\t\t<div class=\"elementor-column elementor-col-100 elementor-top-column elementor-element elementor-element-6b3c39aa\" data-id=\"6b3c39aa\" data-element_type=\"column\">\n\t\t\t<div class=\"elementor-widget-wrap elementor-element-populated\">\n\t\t\t\t\t\t\t\t<div class=\"elementor-element elementor-element-3957bef elementor-widget elementor-widget-heading\" data-id=\"3957bef\" data-element_type=\"widget\" data-widget_type=\"heading.default\">\n\t\t\t\t<div class=\"elementor-widget-container\">\n\t\t\t<style>\/*! elementor - v3.12.1 - 02-04-2023 *\/\n.elementor-heading-title{padding:0;margin:0;line-height:1}.elementor-widget-heading .elementor-heading-title[class*=elementor-size-]>a{color:inherit;font-size:inherit;line-height:inherit}.elementor-widget-heading .elementor-heading-title.elementor-size-small{font-size:15px}.elementor-widget-heading .elementor-heading-title.elementor-size-medium{font-size:19px}.elementor-widget-heading .elementor-heading-title.elementor-size-large{font-size:29px}.elementor-widget-heading .elementor-heading-title.elementor-size-xl{font-size:39px}.elementor-widget-heading .elementor-heading-title.elementor-size-xxl{font-size:59px}<\/style><h2 class=\"elementor-heading-title elementor-size-default\">Privacy Policy of PONT\u00d3N & FERN\u00c1NDEZ<\/h2>\t\t<\/div>\n\t\t\t\t<\/div>\n\t\t\t\t<div class=\"elementor-element elementor-element-1419ae8b elementor-widget elementor-widget-text-editor\" data-id=\"1419ae8b\" data-element_type=\"widget\" data-widget_type=\"text-editor.default\">\n\t\t\t\t<div class=\"elementor-widget-container\">\n\t\t\t<style>\/*! elementor - v3.12.1 - 02-04-2023 *\/\n.elementor-widget-text-editor.elementor-drop-cap-view-stacked .elementor-drop-cap{background-color:#69727d;color:#fff}.elementor-widget-text-editor.elementor-drop-cap-view-framed .elementor-drop-cap{color:#69727d;border:3px solid;background-color:transparent}.elementor-widget-text-editor:not(.elementor-drop-cap-view-default) .elementor-drop-cap{margin-top:8px}.elementor-widget-text-editor:not(.elementor-drop-cap-view-default) .elementor-drop-cap-letter{width:1em;height:1em}.elementor-widget-text-editor .elementor-drop-cap{float:left;text-align:center;line-height:1;font-size:50px}.elementor-widget-text-editor .elementor-drop-cap-letter{display:inline-block}<\/style>\t\t\t\t<p class=\"\" data-start=\"235\" data-end=\"503\">At <strong data-start=\"238\" data-end=\"260\">PONT\u00d3N &amp; FERN\u00c1NDEZ<\/strong>, your privacy is a top priority. This Privacy Policy explains how we collect, use, protect, and share your personal information. By using our website <a class=\"\" href=\"https:\/\/ponton-law.com\" target=\"_new\" rel=\"noopener\" data-start=\"411\" data-end=\"459\">https:\/\/ponton-law.com<\/a>, you agree to the practices outlined below.<\/p><h3 data-start=\"510\" data-end=\"555\">\u00a0<\/h3><h3 class=\"\" data-start=\"510\" data-end=\"555\">1. Collection of Personal Information<\/h3><p class=\"\" data-start=\"557\" data-end=\"735\">We collect personal information through lawful and transparent means, and, where appropriate, with your knowledge or consent. This information may include, but is not limited to:<\/p><ul data-start=\"737\" data-end=\"1073\"><li class=\"\" data-start=\"737\" data-end=\"855\"><p class=\"\" data-start=\"739\" data-end=\"855\">Full name, email address, phone number, or other contact details you voluntarily provide through forms or inquiries.<\/p><\/li><li class=\"\" data-start=\"856\" data-end=\"962\"><p class=\"\" data-start=\"858\" data-end=\"962\">Information automatically collected through cookies and similar technologies while browsing our website.<\/p><\/li><li class=\"\" data-start=\"963\" data-end=\"1073\"><p class=\"\" data-start=\"965\" data-end=\"1073\">Data obtained from public sources, social media, or strategic partners, only to the extent permitted by law.<\/p><\/li><\/ul><h3 data-start=\"1080\" data-end=\"1119\">\u00a0<\/h3><h3 class=\"\" data-start=\"1080\" data-end=\"1119\">2. Use of Collected Information<\/h3><p class=\"\" data-start=\"1121\" data-end=\"1189\">The personal data we collect may be used for the following purposes:<\/p><ul data-start=\"1191\" data-end=\"1517\"><li class=\"\" data-start=\"1191\" data-end=\"1266\"><p class=\"\" data-start=\"1193\" data-end=\"1266\">To respond to your legal inquiries and provide personalized legal advice.<\/p><\/li><li class=\"\" data-start=\"1267\" data-end=\"1333\"><p class=\"\" data-start=\"1269\" data-end=\"1333\">To improve the functionality of our website and user experience.<\/p><\/li><li class=\"\" data-start=\"1334\" data-end=\"1396\"><p class=\"\" data-start=\"1336\" data-end=\"1396\">To comply with legal obligations and applicable regulations.<\/p><\/li><li class=\"\" data-start=\"1397\" data-end=\"1517\"><p class=\"\" data-start=\"1399\" data-end=\"1517\">To send informative or promotional communications, only with your prior consent, which you may opt out of at any time.<\/p><\/li><\/ul><h3 data-start=\"1524\" data-end=\"1549\">\u00a0<\/h3><h3 class=\"\" data-start=\"1524\" data-end=\"1549\">3. Data Retention<\/h3><p class=\"\" data-start=\"1551\" data-end=\"1688\">We retain your personal information only for as long as necessary to fulfill the purposes described in this policy or as required by law.<\/p><h3 data-start=\"1695\" data-end=\"1726\">\u00a0<\/h3><h3 class=\"\" data-start=\"1695\" data-end=\"1726\">4. Information Security<\/h3><p class=\"\" data-start=\"1728\" data-end=\"1910\">We implement appropriate technical, administrative, and physical safeguards to protect your personal information against unauthorized access, disclosure, loss, alteration, or misuse.<\/p><h3 data-start=\"1917\" data-end=\"1955\">\u00a0<\/h3><h3 class=\"\" data-start=\"1917\" data-end=\"1955\">5. Disclosure to Third Parties<\/h3><p class=\"\" data-start=\"1957\" data-end=\"2056\">We do not share your personal information with third parties except in the following circumstances:<\/p><ul data-start=\"2058\" data-end=\"2274\"><li class=\"\" data-start=\"2058\" data-end=\"2102\"><p class=\"\" data-start=\"2060\" data-end=\"2102\">When required by law or legal proceedings.<\/p><\/li><li class=\"\" data-start=\"2103\" data-end=\"2231\"><p class=\"\" data-start=\"2105\" data-end=\"2231\">With service providers who assist us in operating the website or delivering services, under strict confidentiality agreements.<\/p><\/li><li class=\"\" data-start=\"2232\" data-end=\"2274\"><p class=\"\" data-start=\"2234\" data-end=\"2274\">When you have given us explicit consent.<\/p><\/li><\/ul><h3 data-start=\"2281\" data-end=\"2303\">\u00a0<\/h3><h3 class=\"\" data-start=\"2281\" data-end=\"2303\">6. Your Rights<\/h3><p class=\"\" data-start=\"2305\" data-end=\"2327\">You have the right to:<\/p><ul data-start=\"2329\" data-end=\"2476\"><li class=\"\" data-start=\"2329\" data-end=\"2377\"><p class=\"\" data-start=\"2331\" data-end=\"2377\">Access, correct, or delete your personal data.<\/p><\/li><li class=\"\" data-start=\"2378\" data-end=\"2414\"><p class=\"\" data-start=\"2380\" data-end=\"2414\">Withdraw your consent at any time.<\/p><\/li><li class=\"\" data-start=\"2415\" data-end=\"2476\"><p class=\"\" data-start=\"2417\" data-end=\"2476\">Request information about how we handle your personal data.<\/p><\/li><\/ul><p class=\"\" data-start=\"2478\" data-end=\"2599\">To exercise these rights, please contact us through our website or by using the contact information provided on our site.<\/p><h3 data-start=\"2606\" data-end=\"2646\">\u00a0<\/h3><h3 class=\"\" data-start=\"2606\" data-end=\"2646\">7. Changes to the Privacy Policy<\/h3><p class=\"\" data-start=\"2648\" data-end=\"2801\">We reserve the right to update this Privacy Policy at any time. Changes will be posted on this page. We encourage you to review this policy periodically.<\/p><h3 data-start=\"2808\" data-end=\"2826\">\u00a0<\/h3><h3 class=\"\" data-start=\"2808\" data-end=\"2826\">Contact Us<\/h3><p class=\"\" data-start=\"2828\" data-end=\"2977\">If you have any questions regarding this Privacy Policy, please contact us through our website:<br data-start=\"2923\" data-end=\"2926\" \/>\ud83d\udc49 <a class=\"\" href=\"https:\/\/ponton-law.com\" target=\"_new\" rel=\"noopener\" data-start=\"2929\" data-end=\"2977\">https:\/\/ponton-law.com<\/a><\/p><p><!-- \/wp:paragraph --><\/p>\t\t\t\t\t\t<\/div>\n\t\t\t\t<\/div>\n\t\t\t\t\t<\/div>\n\t\t<\/div>\n\t\t\t\t\t\t\t<\/div>\n\t\t<\/section>\n\t\t\t\t\t\t\t<\/div>\n\t\t","protected":false},"excerpt":{"rendered":"<p>Privacy Policy of PONT\u00d3N &#038; FERN\u00c1NDEZ At PONT\u00d3N &amp; FERN\u00c1NDEZ, your privacy is a top priority. This Privacy Policy explains how we collect, use, protect, and share your personal information. By using our website https:\/\/ponton-law.com, you agree to the practices outlined below. \u00a0 1. Collection of Personal Information We collect personal information through lawful and [&hellip;]<\/p>\n","protected":false},"author":1,"featured_media":0,"parent":0,"menu_order":0,"comment_status":"closed","ping_status":"closed","template":"","meta":{"footnotes":""},"class_list":["post-2022","page","type-page","status-publish","hentry"],"yoast_head":"<!-- This site is optimized with the Yoast SEO plugin v21.2 - https:\/\/yoast.com\/wordpress\/plugins\/seo\/ -->\n<title>Privacy Policy of PONT\u00d3N &amp; FERN\u00c1NDEZ - Ponton &amp; Fernandez Attorneys at Law<\/title>\n<meta name=\"robots\" content=\"index, follow, max-snippet:-1, max-image-preview:large, max-video-preview:-1\" \/>\n<link rel=\"canonical\" href=\"https:\/\/ponton-law.com\/en\/privacy-policy-of-ponton-fernandez\/\" \/>\n<meta property=\"og:locale\" content=\"en_US\" \/>\n<meta property=\"og:type\" content=\"article\" \/>\n<meta property=\"og:title\" content=\"Privacy Policy of PONT\u00d3N &amp; FERN\u00c1NDEZ - Ponton &amp; Fernandez Attorneys at Law\" \/>\n<meta property=\"og:description\" content=\"Privacy Policy of PONT\u00d3N &#038; FERN\u00c1NDEZ At PONT\u00d3N &amp; FERN\u00c1NDEZ, your privacy is a top priority. This Privacy Policy explains how we collect, use, protect, and share your personal information. By using our website https:\/\/ponton-law.com, you agree to the practices outlined below. \u00a0 1. Collection of Personal Information We collect personal information through lawful and [&hellip;]\" \/>\n<meta property=\"og:url\" content=\"https:\/\/ponton-law.com\/en\/privacy-policy-of-ponton-fernandez\/\" \/>\n<meta property=\"og:site_name\" content=\"Ponton &amp; Fernandez Attorneys at Law\" \/>\n<meta property=\"article:publisher\" content=\"https:\/\/www.facebook.com\/PontonLawPA\" \/>\n<meta property=\"article:modified_time\" content=\"2025-05-01T15:18:36+00:00\" \/>\n<meta name=\"twitter:card\" content=\"summary_large_image\" \/>\n<meta name=\"twitter:label1\" content=\"Est. reading time\" \/>\n\t<meta name=\"twitter:data1\" content=\"2 minutes\" \/>\n<script type=\"application\/ld+json\" class=\"yoast-schema-graph\">{\"@context\":\"https:\/\/schema.org\",\"@graph\":[{\"@type\":\"WebPage\",\"@id\":\"https:\/\/ponton-law.com\/en\/privacy-policy-of-ponton-fernandez\/\",\"url\":\"https:\/\/ponton-law.com\/en\/privacy-policy-of-ponton-fernandez\/\",\"name\":\"Privacy Policy of PONT\u00d3N &amp; FERN\u00c1NDEZ - Ponton &amp; Fernandez Attorneys at Law\",\"isPartOf\":{\"@id\":\"https:\/\/ponton-law.com\/en\/#website\"},\"datePublished\":\"2025-05-01T15:09:26+00:00\",\"dateModified\":\"2025-05-01T15:18:36+00:00\",\"breadcrumb\":{\"@id\":\"https:\/\/ponton-law.com\/en\/privacy-policy-of-ponton-fernandez\/#breadcrumb\"},\"inLanguage\":\"en-US\",\"potentialAction\":[{\"@type\":\"ReadAction\",\"target\":[\"https:\/\/ponton-law.com\/en\/privacy-policy-of-ponton-fernandez\/\"]}]},{\"@type\":\"BreadcrumbList\",\"@id\":\"https:\/\/ponton-law.com\/en\/privacy-policy-of-ponton-fernandez\/#breadcrumb\",\"itemListElement\":[{\"@type\":\"ListItem\",\"position\":1,\"name\":\"Portada\",\"item\":\"https:\/\/ponton-law.com\/en\/\"},{\"@type\":\"ListItem\",\"position\":2,\"name\":\"Privacy Policy of PONT\u00d3N &amp; FERN\u00c1NDEZ\"}]},{\"@type\":\"WebSite\",\"@id\":\"https:\/\/ponton-law.com\/en\/#website\",\"url\":\"https:\/\/ponton-law.com\/en\/\",\"name\":\"Ponton &amp; Fernandez Attorneys at Law\",\"description\":\"Attorneys at Inmigration Law in Tampa Florida\",\"publisher\":{\"@id\":\"https:\/\/ponton-law.com\/en\/#organization\"},\"potentialAction\":[{\"@type\":\"SearchAction\",\"target\":{\"@type\":\"EntryPoint\",\"urlTemplate\":\"https:\/\/ponton-law.com\/en\/?s={search_term_string}\"},\"query-input\":\"required name=search_term_string\"}],\"inLanguage\":\"en-US\"},{\"@type\":\"Organization\",\"@id\":\"https:\/\/ponton-law.com\/en\/#organization\",\"name\":\"Ponton &amp; Fernandez Attorneys at Law\",\"url\":\"https:\/\/ponton-law.com\/en\/\",\"logo\":{\"@type\":\"ImageObject\",\"inLanguage\":\"en-US\",\"@id\":\"https:\/\/ponton-law.com\/en\/#\/schema\/logo\/image\/\",\"url\":\"https:\/\/i0.wp.com\/ponton-law.com\/wp-content\/uploads\/2023\/03\/cropped-cropped-PONTON-LAW-MIAMI.jpg?fit=512%2C146&ssl=1\",\"contentUrl\":\"https:\/\/i0.wp.com\/ponton-law.com\/wp-content\/uploads\/2023\/03\/cropped-cropped-PONTON-LAW-MIAMI.jpg?fit=512%2C146&ssl=1\",\"width\":512,\"height\":146,\"caption\":\"Ponton &amp; Fernandez Attorneys at Law\"},\"image\":{\"@id\":\"https:\/\/ponton-law.com\/en\/#\/schema\/logo\/image\/\"},\"sameAs\":[\"https:\/\/www.facebook.com\/PontonLawPA\",\"https:\/\/www.linkedin.com\/company\/ponton-law-p-a\"]}]}<\/script>\n<!-- \/ Yoast SEO plugin. -->","yoast_head_json":{"title":"Privacy Policy of PONT\u00d3N &amp; FERN\u00c1NDEZ - Ponton &amp; Fernandez Attorneys at Law","robots":{"index":"index","follow":"follow","max-snippet":"max-snippet:-1","max-image-preview":"max-image-preview:large","max-video-preview":"max-video-preview:-1"},"canonical":"https:\/\/ponton-law.com\/en\/privacy-policy-of-ponton-fernandez\/","og_locale":"en_US","og_type":"article","og_title":"Privacy Policy of PONT\u00d3N &amp; FERN\u00c1NDEZ - Ponton &amp; Fernandez Attorneys at Law","og_description":"Privacy Policy of PONT\u00d3N &#038; FERN\u00c1NDEZ At PONT\u00d3N &amp; FERN\u00c1NDEZ, your privacy is a top priority. This Privacy Policy explains how we collect, use, protect, and share your personal information. By using our website https:\/\/ponton-law.com, you agree to the practices outlined below. \u00a0 1. Collection of Personal Information We collect personal information through lawful and [&hellip;]","og_url":"https:\/\/ponton-law.com\/en\/privacy-policy-of-ponton-fernandez\/","og_site_name":"Ponton &amp; Fernandez Attorneys at Law","article_publisher":"https:\/\/www.facebook.com\/PontonLawPA","article_modified_time":"2025-05-01T15:18:36+00:00","twitter_card":"summary_large_image","twitter_misc":{"Est. reading time":"2 minutes"},"schema":{"@context":"https:\/\/schema.org","@graph":[{"@type":"WebPage","@id":"https:\/\/ponton-law.com\/en\/privacy-policy-of-ponton-fernandez\/","url":"https:\/\/ponton-law.com\/en\/privacy-policy-of-ponton-fernandez\/","name":"Privacy Policy of PONT\u00d3N &amp; FERN\u00c1NDEZ - Ponton &amp; Fernandez Attorneys at Law","isPartOf":{"@id":"https:\/\/ponton-law.com\/en\/#website"},"datePublished":"2025-05-01T15:09:26+00:00","dateModified":"2025-05-01T15:18:36+00:00","breadcrumb":{"@id":"https:\/\/ponton-law.com\/en\/privacy-policy-of-ponton-fernandez\/#breadcrumb"},"inLanguage":"en-US","potentialAction":[{"@type":"ReadAction","target":["https:\/\/ponton-law.com\/en\/privacy-policy-of-ponton-fernandez\/"]}]},{"@type":"BreadcrumbList","@id":"https:\/\/ponton-law.com\/en\/privacy-policy-of-ponton-fernandez\/#breadcrumb","itemListElement":[{"@type":"ListItem","position":1,"name":"Portada","item":"https:\/\/ponton-law.com\/en\/"},{"@type":"ListItem","position":2,"name":"Privacy Policy of PONT\u00d3N &amp; FERN\u00c1NDEZ"}]},{"@type":"WebSite","@id":"https:\/\/ponton-law.com\/en\/#website","url":"https:\/\/ponton-law.com\/en\/","name":"Ponton &amp; Fernandez Attorneys at Law","description":"Attorneys at Inmigration Law in Tampa Florida","publisher":{"@id":"https:\/\/ponton-law.com\/en\/#organization"},"potentialAction":[{"@type":"SearchAction","target":{"@type":"EntryPoint","urlTemplate":"https:\/\/ponton-law.com\/en\/?s={search_term_string}"},"query-input":"required name=search_term_string"}],"inLanguage":"en-US"},{"@type":"Organization","@id":"https:\/\/ponton-law.com\/en\/#organization","name":"Ponton &amp; Fernandez Attorneys at Law","url":"https:\/\/ponton-law.com\/en\/","logo":{"@type":"ImageObject","inLanguage":"en-US","@id":"https:\/\/ponton-law.com\/en\/#\/schema\/logo\/image\/","url":"https:\/\/i0.wp.com\/ponton-law.com\/wp-content\/uploads\/2023\/03\/cropped-cropped-PONTON-LAW-MIAMI.jpg?fit=512%2C146&ssl=1","contentUrl":"https:\/\/i0.wp.com\/ponton-law.com\/wp-content\/uploads\/2023\/03\/cropped-cropped-PONTON-LAW-MIAMI.jpg?fit=512%2C146&ssl=1","width":512,"height":146,"caption":"Ponton &amp; Fernandez Attorneys at Law"},"image":{"@id":"https:\/\/ponton-law.com\/en\/#\/schema\/logo\/image\/"},"sameAs":["https:\/\/www.facebook.com\/PontonLawPA","https:\/\/www.linkedin.com\/company\/ponton-law-p-a"]}]}},"jetpack-related-posts":[{"id":1427,"url":"https:\/\/ponton-law.com\/en\/laws-in-miami-migratory-especialist-ponton-and-fernandez\/","url_meta":{"origin":2022,"position":0},"title":"About US","date":"13 de April de 2023","format":false,"excerpt":"About Us Specialized in Immigration Law Who we are Ponton & Fernandez, Attorneys at Law, P.A. It is a prestigious law firm dedicated to providing legal services specialized in immigration law.Our team of experienced attorneys is committed to helping individuals and businesses with their immigration needs.We understand the complexity of\u2026","rel":"","context":"Similar post","img":{"alt_text":"","src":"","width":0,"height":0},"classes":[]},{"id":1429,"url":"https:\/\/ponton-law.com\/en\/","url_meta":{"origin":2022,"position":1},"title":"Home","date":"30 de March de 2023","format":false,"excerpt":"Welcome to Ponton & Fernandez Immigration Law Firm Legal Solutions Serving Clients Nationwide from Tampa, Florida more information Effective communication It is our priority that you understand every step of the process Experience You will receive the assistance you need with the quality you deserve. Commitment Committed to you and\u2026","rel":"","context":"Similar post","img":{"alt_text":"","src":"https:\/\/i0.wp.com\/ponton-law.com\/wp-content\/uploads\/2023\/03\/legal-law-768x512.jpg?resize=350%2C200&ssl=1","width":350,"height":200},"classes":[]},{"id":235,"url":"https:\/\/ponton-law.com\/laws-in-miami-migratory-especialist-ponton-and-fernandez\/","url_meta":{"origin":2022,"position":2},"title":"La Firma","date":"13 de April de 2023","format":false,"excerpt":"Sobre Nosotros Especializados en Derecho de Inmigraci\u00f3n Qui\u00e9nes somos Ponton & Fernandez, Attorneys at Law, P.A. Es un bufete de abogados de reconocido prestigio dedicado a brindar servicios legales especializados en derecho de inmigraci\u00f3n.\u00a0Nuestro equipo de abogados con experiencia est\u00e1 comprometido en ayudar a individuos y empresas con sus necesidades\u2026","rel":"","context":"Similar post","img":{"alt_text":"","src":"","width":0,"height":0},"classes":[]},{"id":2009,"url":"https:\/\/ponton-law.com\/politica-de-privacidad-de-ponton-fernandez\/","url_meta":{"origin":2022,"position":3},"title":"Pol\u00edtica de Privacidad de PONT\u00d3N &amp; FERN\u00c1NDEZ","date":"1 de May de 2025","format":false,"excerpt":"Pol\u00edtica de Privacidad de PONT\u00d3N & FERN\u00c1NDEZ En PONT\u00d3N & FERN\u00c1NDEZ, su privacidad es una prioridad. Esta Pol\u00edtica de Privacidad explica c\u00f3mo recopilamos, utilizamos, protegemos y compartimos su informaci\u00f3n personal. Al utilizar nuestro sitio web https:\/\/ponton-law.com, usted acepta los t\u00e9rminos descritos a continuaci\u00f3n. \u00a0 1. Recopilaci\u00f3n de Informaci\u00f3n Personal Recopilamos\u2026","rel":"","context":"Similar post","img":{"alt_text":"","src":"","width":0,"height":0},"classes":[]},{"id":1405,"url":"https:\/\/ponton-law.com\/en\/law-in-miami-migratory-anabel-fernandez\/","url_meta":{"origin":2022,"position":4},"title":"Anabel Fernandez, Esq.","date":"13 de April de 2023","format":false,"excerpt":"Immigration Attorney Anabel Fernandez is an arduous defender of the trust placed in her by clients seeking immigration solutions.She has focused his practice on cases related to the Cuban Adjustment Act, helping many Cuban immigrants obtain legal status in the United States. Anabel FernandezAttorney Biography Anabel Fernandez is a highly\u2026","rel":"","context":"Similar post","img":{"alt_text":"","src":"https:\/\/i0.wp.com\/ponton-law.com\/wp-content\/uploads\/2023\/09\/abogada-fernandez-ponton-estudio-juridico-migratorio-miami.jpg?resize=350%2C200&ssl=1","width":350,"height":200},"classes":[]},{"id":247,"url":"https:\/\/ponton-law.com\/law-in-miami-migratory-anabel-fernandez\/","url_meta":{"origin":2022,"position":5},"title":"Ab. Anabel Fernandez","date":"13 de April de 2023","format":false,"excerpt":"Abogada de Inmigraci\u00f3n La abogada Fernandez es una ardua defensora de la confianza que le depositan aquellos clientes que buscan soluciones migratorias.Ha centrado su pr\u00e1ctica en casos relacionados con la Ley de Ajuste Cubano, ayudando a muchos inmigrantes cubanos a obtener su estatus legal en los Estados Unidos.\u00a0 Ab. Anabel\u2026","rel":"","context":"Similar post","img":{"alt_text":"","src":"https:\/\/i0.wp.com\/ponton-law.com\/wp-content\/uploads\/2023\/09\/abogada-fernandez-ponton-estudio-juridico-migratorio-miami.jpg?resize=350%2C200&ssl=1","width":350,"height":200},"classes":[]}],"_links":{"self":[{"href":"https:\/\/ponton-law.com\/en\/wp-json\/wp\/v2\/pages\/2022","targetHints":{"allow":["GET"]}}],"collection":[{"href":"https:\/\/ponton-law.com\/en\/wp-json\/wp\/v2\/pages"}],"about":[{"href":"https:\/\/ponton-law.com\/en\/wp-json\/wp\/v2\/types\/page"}],"author":[{"embeddable":true,"href":"https:\/\/ponton-law.com\/en\/wp-json\/wp\/v2\/users\/1"}],"replies":[{"embeddable":true,"href":"https:\/\/ponton-law.com\/en\/wp-json\/wp\/v2\/comments?post=2022"}],"version-history":[{"count":4,"href":"https:\/\/ponton-law.com\/en\/wp-json\/wp\/v2\/pages\/2022\/revisions"}],"predecessor-version":[{"id":2026,"href":"https:\/\/ponton-law.com\/en\/wp-json\/wp\/v2\/pages\/2022\/revisions\/2026"}],"wp:attachment":[{"href":"https:\/\/ponton-law.com\/en\/wp-json\/wp\/v2\/media?parent=2022"}],"curies":[{"name":"wp","href":"https:\/\/api.w.org\/{rel}","templated":true}]}}